{"id":36,"date":"2015-05-13T12:18:09","date_gmt":"2015-05-13T10:18:09","guid":{"rendered":"http:\/\/psychiatraolawa.pl\/?page_id=36"},"modified":"2022-11-30T09:55:30","modified_gmt":"2022-11-30T08:55:30","slug":"gabinet-psychiatryczny","status":"publish","type":"page","link":"https:\/\/psychiatraolawa.pl\/","title":{"rendered":"Gabinet Psychiatryczny"},"content":{"rendered":"<p>[et_pb_section fb_built=&#8221;1&#8243; module_class=&#8221;weziej&#8221; _builder_version=&#8221;3.22&#8243; background_color=&#8221;#ffffff&#8221; transparent_background=&#8221;off&#8221;][et_pb_row _builder_version=&#8221;3.25&#8243; background_size=&#8221;initial&#8221; background_position=&#8221;top_left&#8221; background_repeat=&#8221;repeat&#8221;][et_pb_column type=&#8221;4_4&#8243; _builder_version=&#8221;3.25&#8243; custom_padding=&#8221;|||&#8221; custom_padding__hover=&#8221;|||&#8221;][et_pb_text admin_label=&#8221;Tekst&#8221; _builder_version=&#8221;3.27.4&#8243; background_size=&#8221;initial&#8221; background_position=&#8221;top_left&#8221; background_repeat=&#8221;repeat&#8221;]<\/p>\n<div class=\"et_pb_text et_pb_bg_layout_light et_pb_text_align_left\">\n<h1 style=\"text-align: center;\">Witam w moim gabinecie<\/h1>\n<h2 style=\"text-align: center;\">Specjalista Psychiatra<\/h2>\n<h3 style=\"text-align: center;\">lek. med. Patrycja Wo\u017aniczka<\/h3>\n<\/div>\n<p>[\/et_pb_text][\/et_pb_column][\/et_pb_row][\/et_pb_section][et_pb_section fb_built=&#8221;1&#8243; fullwidth=&#8221;on&#8221; _builder_version=&#8221;4.9.4&#8243; _module_preset=&#8221;default&#8221;][et_pb_fullwidth_image src=&#8221;https:\/\/psychiatraolawa.pl\/wp-content\/uploads\/2015\/05\/tlo.jpg&#8221; title_text=&#8221;Business Technology&#8221; _builder_version=&#8221;4.9.4&#8243; _module_preset=&#8221;default&#8221;][\/et_pb_fullwidth_image][\/et_pb_section][et_pb_section fb_built=&#8221;1&#8243; module_id=&#8221;omnie&#8221; module_class=&#8221;weziej&#8221; _builder_version=&#8221;3.22&#8243; background_color=&#8221;#ffffff&#8221; transparent_background=&#8221;off&#8221;][et_pb_row column_structure=&#8221;1_2,1_2&#8243; _builder_version=&#8221;3.25&#8243; background_size=&#8221;initial&#8221; background_position=&#8221;top_left&#8221; background_repeat=&#8221;repeat&#8221;][et_pb_column type=&#8221;1_2&#8243; _builder_version=&#8221;3.25&#8243; custom_padding=&#8221;|||&#8221; custom_padding__hover=&#8221;|||&#8221;][et_pb_text admin_label=&#8221;Tekst&#8221; _builder_version=&#8221;3.27.4&#8243; background_size=&#8221;initial&#8221; background_position=&#8221;top_left&#8221; background_repeat=&#8221;repeat&#8221;]<\/p>\n<div class=\"et_pb_text et_pb_bg_layout_light et_pb_text_align_left\">\n<h2>O mnie<\/h2>\n<p>Od kilkunastu lat\u00a0 zajmuje si\u0119 psychiatri\u0105. W roku 2003 uko\u0144czy\u0142am wydzia\u0142 lekarski \u015al\u0105skiej Akademii Medycznej w Katowicach. Specjalizacj\u0119 z psychiatrii zdoby\u0142am w Klinice Psychiatrii i Psychoterapii \u015al\u0105skiego Uniwersytetu Medycznego.<\/p>\n<\/div>\n<p>[\/et_pb_text][\/et_pb_column][et_pb_column type=&#8221;1_2&#8243; _builder_version=&#8221;3.25&#8243; custom_padding=&#8221;|||&#8221; custom_padding__hover=&#8221;|||&#8221;][et_pb_text admin_label=&#8221;Tekst&#8221; _builder_version=&#8221;3.27.4&#8243; background_size=&#8221;initial&#8221; background_position=&#8221;top_left&#8221; background_repeat=&#8221;repeat&#8221;]Przez 10 lat pracowa\u0142am w oddziale Psychiatrii doros\u0142ych w Wojew\u00f3dzkim Specjalistycznym Zespole Neuropsychiatrycznym w Opolu, gdzie zdoby\u0142am do\u015bwiadczenie zawodowe. Zajmuj\u0119 si\u0119 tak\u017ce ambulatoryjn\u0105 opiek\u0105 psychiatryczn\u0105, prowadz\u0105c prywatn\u0105 praktyk\u0119 lekarsk\u0105. Nieustannie podnosz\u0119 swoje kwalifikacje bior\u0105c udzia\u0142 w szkoleniach, sympozjach i zjazdach Polskiego Towarzystwa Psychiatrycznego.[\/et_pb_text][\/et_pb_column][\/et_pb_row][\/et_pb_section][et_pb_section fb_built=&#8221;1&#8243; fullwidth=&#8221;on&#8221; _builder_version=&#8221;4.9.4&#8243; _module_preset=&#8221;default&#8221;][et_pb_fullwidth_image src=&#8221;https:\/\/psychiatraolawa.pl\/wp-content\/uploads\/2015\/05\/tlo2.jpg&#8221; title_text=&#8221;Training And Development&#8221; _builder_version=&#8221;4.9.4&#8243; _module_preset=&#8221;default&#8221;][\/et_pb_fullwidth_image][\/et_pb_section][et_pb_section fb_built=&#8221;1&#8243; module_id=&#8221;leczenie&#8221; module_class=&#8221;weziej&#8221; _builder_version=&#8221;3.22&#8243; background_color=&#8221;#ffffff&#8221; transparent_background=&#8221;off&#8221;][et_pb_row column_structure=&#8221;1_2,1_2&#8243; _builder_version=&#8221;3.25&#8243; background_size=&#8221;initial&#8221; background_position=&#8221;top_left&#8221; background_repeat=&#8221;repeat&#8221;][et_pb_column type=&#8221;1_2&#8243; _builder_version=&#8221;3.25&#8243; custom_padding=&#8221;|||&#8221; custom_padding__hover=&#8221;|||&#8221;][et_pb_text admin_label=&#8221;Tekst&#8221; _builder_version=&#8221;4.9.4&#8243; background_size=&#8221;initial&#8221; background_position=&#8221;top_left&#8221; background_repeat=&#8221;repeat&#8221; hover_enabled=&#8221;0&#8243; sticky_enabled=&#8221;0&#8243;]<\/p>\n<div class=\"et_pb_text et_pb_bg_layout_light et_pb_text_align_left\">\n<h2>Leczenie:<\/h2>\n<p>Specjalizuj\u0119 si\u0119 w diagnozowaniu i leczeniu:<\/p>\n<ul>\n<li>zaburze\u0144 depresyjnych<\/li>\n<li>choroby afektywnej dwubiegunowej<\/li>\n<li>nerwic<\/li>\n<li>zaburze\u0144 l\u0119kowych<\/li>\n<\/ul>\n<\/div>\n<p>[\/et_pb_text][\/et_pb_column][et_pb_column type=&#8221;1_2&#8243; _builder_version=&#8221;3.25&#8243; custom_padding=&#8221;|||&#8221; custom_padding__hover=&#8221;|||&#8221;][et_pb_text admin_label=&#8221;Tekst&#8221; _builder_version=&#8221;4.9.4&#8243; background_size=&#8221;initial&#8221; background_position=&#8221;top_left&#8221; background_repeat=&#8221;repeat&#8221; hover_enabled=&#8221;0&#8243; sticky_enabled=&#8221;0&#8243;]<\/p>\n<div class=\"et_pb_text et_pb_bg_layout_light et_pb_text_align_left\">\n<p>&nbsp;<\/p>\n<ul>\n<li>zaburze\u0144 wieku podesz\u0142ego<\/li>\n<li>uzale\u017cnie\u0144 od substancji psychoaktywnych, alkoholu, lek\u00f3w nasennych i uspokajaj\u0105cych<\/li>\n<li>zaburze\u0144 od\u017cywiania -anoreksja, bulimia<\/li>\n<li>zaburze\u0144 snu<\/li>\n<\/ul>\n<\/div>\n<p>[\/et_pb_text][\/et_pb_column][\/et_pb_row][et_pb_row _builder_version=&#8221;3.25&#8243; background_size=&#8221;initial&#8221; background_position=&#8221;top_left&#8221; background_repeat=&#8221;repeat&#8221;][et_pb_column type=&#8221;4_4&#8243; _builder_version=&#8221;3.25&#8243; custom_padding=&#8221;|||&#8221; custom_padding__hover=&#8221;|||&#8221;][et_pb_text admin_label=&#8221;Tekst&#8221; _builder_version=&#8221;4.9.4&#8243; background_size=&#8221;initial&#8221; background_position=&#8221;top_left&#8221; background_repeat=&#8221;repeat&#8221; hover_enabled=&#8221;0&#8243; sticky_enabled=&#8221;0&#8243;]<\/p>\n<h2 style=\"text-align: left;\">Cennik us\u0142ug medycznych:<\/h2>\n<p>&nbsp;<\/p>\n<h3>Konsultacja psychiatryczna pierwszorazowa \u2013<strong> 350 z\u0142<\/strong><\/h3>\n<p>Wizyta do 60 min z szerokim om\u00f3wieniem problemu zdrowotnego, diagnoz\u0105 lekarsk\u0105, ustaleniem procesu terapeutycznego, wdro\u017ceniem farmakoterapii, wystawieniem zwolnienia lekarskiego, je\u015bli jest taka potrzeba.<\/p>\n<h3>Kolejna wizyta \u2013<strong> 280 z\u0142<\/strong><\/h3>\n<p>Wizyta do 30 minut, analiza i wdro\u017cenie dalszego leczenia, wypisanie recept, zwolnienia lekarskiego, je\u015bli jest taka potrzeba.<\/p>\n<p>Cennik obowi\u0105zuje od 1 stycznia 2023<\/p>\n<p>Us\u0142ugi medyczne p\u0142atne przed rozpocz\u0119ciem wizyty got\u00f3wk\u0105 lub przelewem bankowym na poni\u017csze konto:<\/p>\n<h4><strong>Bank Pekao SA PL 17 1240 1646 1111 0010 4985 2595<\/strong><\/h4>\n<p>W tytule prosz\u0119 poda\u0107 imi\u0119 i nazwisko pacjenta<\/p>\n<p>[\/et_pb_text][\/et_pb_column][\/et_pb_row][\/et_pb_section][et_pb_section fb_built=&#8221;1&#8243; fullwidth=&#8221;on&#8221; _builder_version=&#8221;4.9.4&#8243; _module_preset=&#8221;default&#8221;][et_pb_fullwidth_image src=&#8221;https:\/\/psychiatraolawa.pl\/wp-content\/uploads\/2015\/05\/tlo3.jpg&#8221; title_text=&#8221;Success Tools&#8221; _builder_version=&#8221;4.9.4&#8243; _module_preset=&#8221;default&#8221;][\/et_pb_fullwidth_image][\/et_pb_section][et_pb_section fb_built=&#8221;1&#8243; module_id=&#8221;kontakt&#8221; module_class=&#8221;weziej&#8221; _builder_version=&#8221;3.22&#8243; background_color=&#8221;#ffffff&#8221; transparent_background=&#8221;off&#8221;][et_pb_row column_structure=&#8221;1_2,1_2&#8243; _builder_version=&#8221;3.25&#8243; background_size=&#8221;initial&#8221; background_position=&#8221;top_left&#8221; background_repeat=&#8221;repeat&#8221;][et_pb_column type=&#8221;1_2&#8243; _builder_version=&#8221;3.25&#8243; custom_padding=&#8221;|||&#8221; custom_padding__hover=&#8221;|||&#8221;][et_pb_text admin_label=&#8221;Tekst&#8221; _builder_version=&#8221;3.27.4&#8243; background_size=&#8221;initial&#8221; background_position=&#8221;top_left&#8221; background_repeat=&#8221;repeat&#8221;]<\/p>\n<div class=\"et_pb_text et_pb_bg_layout_light et_pb_text_align_left\">\n<h2>Kontakt:<\/h2>\n<p align=\"JUSTIFY\">Specjalistyczny Gabinet Psychiatryczny<\/p>\n<p align=\"JUSTIFY\">lek. med. Patrycja Wo\u017aniczka<\/p>\n<p align=\"JUSTIFY\">Specjalista Psychiatra<\/p>\n<p align=\"JUSTIFY\">55-200 O\u0142awa (Nowy Otok)<\/p>\n<p align=\"JUSTIFY\">ul. Wiosenna 2\/2<\/p>\n<p align=\"JUSTIFY\">Godziny przyjmowania:<\/p>\n<p align=\"JUSTIFY\">Od poniedzia\u0142ku do pi\u0105tku po uprzedniej rejestracji telefonicznej pod nr tel: <strong>691 923 650<\/strong><\/p>\n<\/div>\n<p>[\/et_pb_text][\/et_pb_column][et_pb_column type=&#8221;1_2&#8243; _builder_version=&#8221;3.25&#8243; custom_padding=&#8221;|||&#8221; custom_padding__hover=&#8221;|||&#8221;][et_pb_map address=&#8221;Nowy Otok, O\u0142awa, Polska&#8221; zoom_level=&#8221;16&#8243; address_lat=&#8221;50.93581576953322&#8243; address_lng=&#8221;17.267305292659803&#8243; admin_label=&#8221;Mapa&#8221; _builder_version=&#8221;3.0.91&#8243;][et_pb_map_pin title=&#8221;Specjalistyczny Gabinet Psychiatryczny&#8221; pin_address=&#8221;Wiosenna 7, 55-200 O\u0142awa, Polska&#8221; pin_address_lat=&#8221;50.93534907451484&#8243; pin_address_lng=&#8221;17.266996838623072&#8243; _builder_version=&#8221;3.0.47&#8243;][\/et_pb_map_pin][\/et_pb_map][\/et_pb_column][\/et_pb_row][\/et_pb_section]<\/p>\n","protected":false},"excerpt":{"rendered":"<p>[et_pb_section fb_built=&#8221;1&#8243; module_class=&#8221;weziej&#8221; _builder_version=&#8221;3.22&#8243; background_color=&#8221;#ffffff&#8221; transparent_background=&#8221;off&#8221;][et_pb_row _builder_version=&#8221;3.25&#8243; background_size=&#8221;initial&#8221; background_position=&#8221;top_left&#8221; background_repeat=&#8221;repeat&#8221;][et_pb_column type=&#8221;4_4&#8243; _builder_version=&#8221;3.25&#8243; custom_padding=&#8221;|||&#8221; custom_padding__hover=&#8221;|||&#8221;][et_pb_text admin_label=&#8221;Tekst&#8221; _builder_version=&#8221;3.27.4&#8243; background_size=&#8221;initial&#8221; background_position=&#8221;top_left&#8221; background_repeat=&#8221;repeat&#8221;] Witam w moim gabinecie Specjalista Psychiatra lek. med. Patrycja Wo\u017aniczka [\/et_pb_text][\/et_pb_column][\/et_pb_row][\/et_pb_section][et_pb_section fb_built=&#8221;1&#8243; fullwidth=&#8221;on&#8221; _builder_version=&#8221;4.9.4&#8243; _module_preset=&#8221;default&#8221;][et_pb_fullwidth_image src=&#8221;https:\/\/psychiatraolawa.pl\/wp-content\/uploads\/2015\/05\/tlo.jpg&#8221; title_text=&#8221;Business Technology&#8221; _builder_version=&#8221;4.9.4&#8243; _module_preset=&#8221;default&#8221;][\/et_pb_fullwidth_image][\/et_pb_section][et_pb_section fb_built=&#8221;1&#8243; module_id=&#8221;omnie&#8221; module_class=&#8221;weziej&#8221; _builder_version=&#8221;3.22&#8243; background_color=&#8221;#ffffff&#8221; transparent_background=&#8221;off&#8221;][et_pb_row column_structure=&#8221;1_2,1_2&#8243; _builder_version=&#8221;3.25&#8243; background_size=&#8221;initial&#8221; background_position=&#8221;top_left&#8221; background_repeat=&#8221;repeat&#8221;][et_pb_column type=&#8221;1_2&#8243; _builder_version=&#8221;3.25&#8243; custom_padding=&#8221;|||&#8221; custom_padding__hover=&#8221;|||&#8221;][et_pb_text admin_label=&#8221;Tekst&#8221; [&hellip;]<\/p>\n","protected":false},"author":1,"featured_media":0,"parent":0,"menu_order":0,"comment_status":"open","ping_status":"open","template":"","meta":{"_et_pb_use_builder":"on","_et_pb_old_content":"","_et_gb_content_width":""},"_links":{"self":[{"href":"https:\/\/psychiatraolawa.pl\/index.php?rest_route=\/wp\/v2\/pages\/36"}],"collection":[{"href":"https:\/\/psychiatraolawa.pl\/index.php?rest_route=\/wp\/v2\/pages"}],"about":[{"href":"https:\/\/psychiatraolawa.pl\/index.php?rest_route=\/wp\/v2\/types\/page"}],"author":[{"embeddable":true,"href":"https:\/\/psychiatraolawa.pl\/index.php?rest_route=\/wp\/v2\/users\/1"}],"replies":[{"embeddable":true,"href":"https:\/\/psychiatraolawa.pl\/index.php?rest_route=%2Fwp%2Fv2%2Fcomments&post=36"}],"version-history":[{"count":14,"href":"https:\/\/psychiatraolawa.pl\/index.php?rest_route=\/wp\/v2\/pages\/36\/revisions"}],"predecessor-version":[{"id":80,"href":"https:\/\/psychiatraolawa.pl\/index.php?rest_route=\/wp\/v2\/pages\/36\/revisions\/80"}],"wp:attachment":[{"href":"https:\/\/psychiatraolawa.pl\/index.php?rest_route=%2Fwp%2Fv2%2Fmedia&parent=36"}],"curies":[{"name":"wp","href":"https:\/\/api.w.org\/{rel}","templated":true}]}}